{"id":3,"date":"2024-02-22T18:16:56","date_gmt":"2024-02-22T18:16:56","guid":{"rendered":"http:\/\/boutique.samplay4u.com\/?page_id=3"},"modified":"2025-05-14T14:27:14","modified_gmt":"2025-05-14T14:27:14","slug":"privacy-policy","status":"publish","type":"page","link":"http:\/\/boutique.samplay4u.com\/index.php\/privacy-policy\/","title":{"rendered":"MENTION LEGALES"},"content":{"rendered":"\n<h2 class=\"wp-block-heading\">\u00c9diteur du site<\/h2>\n\n\n\n<p><strong>Nom commercial<\/strong>&nbsp;: Samplay4u<br><strong>Responsable de la publication<\/strong>&nbsp;: Perle Samaille<br><strong>Adresse e-mail<\/strong>&nbsp;: aloha@samplay4u.com<br><strong>Adresse postale<\/strong>&nbsp;: 57 rue Alphonse Poullet \u2013 7711<br><strong>Num\u00e9ro d\u2019entreprise (BCE)<\/strong>&nbsp;: 0527.958.726<br><strong>Num\u00e9ro de TVA intracommunautaire<\/strong>: [BE 0527.958.726]<\/p>\n\n\n\n<h2 class=\"wp-block-heading\">H\u00e9bergement du site<\/h2>\n\n\n\n<p>Le site&nbsp;<strong>samplay4u.com<\/strong>&nbsp;est h\u00e9berg\u00e9 par :<br><strong>Nom de l\u2019h\u00e9bergeur<\/strong>&nbsp;: Monarobase<br><strong>Adresse de l\u2019h\u00e9bergeur<\/strong>&nbsp;: 3 Av. Ren\u00e9 Laennec, 72000 Le Mans, France<br><strong>Site web<\/strong>&nbsp;:&nbsp;<a href=\"https:\/\/monarobase.net\/contact\">https:\/\/monarobase.net\/<\/a><\/p>\n\n\n\n<h2 class=\"wp-block-heading\">Propri\u00e9t\u00e9 intellectuelle<\/h2>\n\n\n\n<p>Tous les contenus du site (textes, visuels, designs, fichiers \u00e0 t\u00e9l\u00e9charger) sont la propri\u00e9t\u00e9 exclusive de&nbsp;<strong>Samplay4u<\/strong>.<br>Ils ne peuvent en aucun cas \u00eatre copi\u00e9s, reproduits, partag\u00e9s ou utilis\u00e9s \u00e0 des fins commerciales sans l\u2019autorisation \u00e9crite pr\u00e9alable de l\u2019\u00e9ditrice du site.<\/p>\n\n\n\n<h2 class=\"wp-block-heading\">Contact<\/h2>\n\n\n\n<p>Pour toute question ou r\u00e9clamation, vous pouvez nous contacter \u00e0 l\u2019adresse suivante : aloha@samplay4u.com<\/p>\n\n\n\n<p><\/p>\n\n\n\n<p><br><br>Les conditions g\u00e9n\u00e9rales de ventes sont disponible ici : <a href=\"http:\/\/boutique.samplay4u.com\/index.php\/cgv\/\">http:\/\/boutique.samplay4u.com\/index.php\/cgv\/<\/a> <br><br>Les informations concernant la politique de confidentialit\u00e9, les cookies et le r\u00e8glement de protection des donn\u00e9es : <a href=\"http:\/\/boutique.samplay4u.com\/index.php\/politique-de-confidentialite-rgpd\/\">http:\/\/boutique.samplay4u.com\/index.php\/politique-de-confidentialite-rgpd\/<\/a><br><br><br><\/p>\n\n\n\n<p><\/p>\n\n\n\n<p><\/p>\n","protected":false},"excerpt":{"rendered":"<p>\u00c9diteur du site Nom commercial&nbsp;: Samplay4uResponsable de la publication&nbsp;: Perle SamailleAdresse e-mail&nbsp;: aloha@samplay4u.comAdresse postale&nbsp;: 57 rue Alphonse Poullet \u2013 7711Num\u00e9ro d\u2019entreprise (BCE)&nbsp;: 0527.958.726Num\u00e9ro de TVA intracommunautaire: [BE 0527.958.726] H\u00e9bergement du site Le site&nbsp;samplay4u.com&nbsp;est h\u00e9berg\u00e9 par :Nom de l\u2019h\u00e9bergeur&nbsp;: MonarobaseAdresse de l\u2019h\u00e9bergeur&nbsp;: 3 Av. Ren\u00e9 Laennec, 72000 Le Mans, FranceSite web&nbsp;:&nbsp;https:\/\/monarobase.net\/ Propri\u00e9t\u00e9 intellectuelle Tous les contenus [&hellip;]<\/p>\n","protected":false},"author":1,"featured_media":0,"parent":0,"menu_order":0,"comment_status":"closed","ping_status":"open","template":"","meta":{"footnotes":""},"class_list":["post-3","page","type-page","status-publish","hentry"],"_links":{"self":[{"href":"http:\/\/boutique.samplay4u.com\/index.php\/wp-json\/wp\/v2\/pages\/3","targetHints":{"allow":["GET"]}}],"collection":[{"href":"http:\/\/boutique.samplay4u.com\/index.php\/wp-json\/wp\/v2\/pages"}],"about":[{"href":"http:\/\/boutique.samplay4u.com\/index.php\/wp-json\/wp\/v2\/types\/page"}],"author":[{"embeddable":true,"href":"http:\/\/boutique.samplay4u.com\/index.php\/wp-json\/wp\/v2\/users\/1"}],"replies":[{"embeddable":true,"href":"http:\/\/boutique.samplay4u.com\/index.php\/wp-json\/wp\/v2\/comments?post=3"}],"version-history":[{"count":3,"href":"http:\/\/boutique.samplay4u.com\/index.php\/wp-json\/wp\/v2\/pages\/3\/revisions"}],"predecessor-version":[{"id":147,"href":"http:\/\/boutique.samplay4u.com\/index.php\/wp-json\/wp\/v2\/pages\/3\/revisions\/147"}],"wp:attachment":[{"href":"http:\/\/boutique.samplay4u.com\/index.php\/wp-json\/wp\/v2\/media?parent=3"}],"curies":[{"name":"wp","href":"https:\/\/api.w.org\/{rel}","templated":true}]}}